{"id":7,"date":"2014-01-12T02:18:12","date_gmt":"2014-01-12T02:18:12","guid":{"rendered":"http:\/\/pa-design.pt\/?page_id=7"},"modified":"2021-02-25T13:01:44","modified_gmt":"2021-02-25T13:01:44","slug":"sobre","status":"publish","type":"page","link":"https:\/\/pa-design.pt\/?page_id=7","title":{"rendered":"Design"},"content":{"rendered":"<p style=\"text-align: left;\"><span style=\"font-size: 12pt;\">O que \u00e9 o Design?<\/span><\/p>\n<p style=\"text-align: left;\"><span style=\"font-size: 12pt;\">Existem muitas defini\u00e7\u00f5es, mas nenhuma \u00e9 consensual e aceite por uma maioria qualificada tal \u00e9 a sua complexidade, amplitude e diversidade.<\/span><\/p>\n<p style=\"text-align: left;\"><span style=\"font-size: 12pt;\">O design \u00e9 uma actividade que desenvolve processos criativos, com objectivos definidos, relacionados com a forma e a fun\u00e7\u00e3o de objectos, espa\u00e7os, sistemas e processos, mas tamb\u00e9m comunica, define estrat\u00e9gias, gera oportunidades, lidera e organiza processos evolutivos.\u00a0O design \u00e9 criatividade, evolu\u00e7\u00e3o, funcionalidade e inova\u00e7\u00e3o. Interage com a humanidade promovendo a diversidade cultural e a sustentabilidade e protec\u00e7\u00e3o do ambiente.<\/span><\/p>\n<p style=\"text-align: left;\"><span style=\"font-size: 12pt;\">Apesar da diversidade e multiplicidade de defini\u00e7\u00f5es, o design ser\u00e1 sempre um processo criativo que visa antecipar ou solucionar problemas criados por necessidades.<\/span><\/p>\n<p style=\"text-align: left;\"><span style=\"font-size: 12pt;\">Paulo Aguiar<\/span><\/p>\n","protected":false},"excerpt":{"rendered":"<p>O que \u00e9 o Design? Existem muitas defini\u00e7\u00f5es, mas nenhuma \u00e9 consensual e aceite por uma maioria qualificada tal \u00e9 a sua complexidade, amplitude e diversidade. O design \u00e9 uma actividade que desenvolve processos criativos, com objectivos definidos, relacionados com a forma e a fun\u00e7\u00e3o de objectos, espa\u00e7os, sistemas e processos, mas tamb\u00e9m comunica, define &#8230; <a title=\"Design\" class=\"read-more\" href=\"https:\/\/pa-design.pt\/?page_id=7\" aria-label=\"Mais sobre Design\">Ler mais<\/a><\/p>\n","protected":false},"author":1,"featured_media":0,"parent":0,"menu_order":2,"comment_status":"closed","ping_status":"closed","template":"","meta":{"generate_page_header":""},"_links":{"self":[{"href":"https:\/\/pa-design.pt\/index.php?rest_route=\/wp\/v2\/pages\/7"}],"collection":[{"href":"https:\/\/pa-design.pt\/index.php?rest_route=\/wp\/v2\/pages"}],"about":[{"href":"https:\/\/pa-design.pt\/index.php?rest_route=\/wp\/v2\/types\/page"}],"author":[{"embeddable":true,"href":"https:\/\/pa-design.pt\/index.php?rest_route=\/wp\/v2\/users\/1"}],"replies":[{"embeddable":true,"href":"https:\/\/pa-design.pt\/index.php?rest_route=%2Fwp%2Fv2%2Fcomments&post=7"}],"version-history":[{"count":78,"href":"https:\/\/pa-design.pt\/index.php?rest_route=\/wp\/v2\/pages\/7\/revisions"}],"predecessor-version":[{"id":2088,"href":"https:\/\/pa-design.pt\/index.php?rest_route=\/wp\/v2\/pages\/7\/revisions\/2088"}],"wp:attachment":[{"href":"https:\/\/pa-design.pt\/index.php?rest_route=%2Fwp%2Fv2%2Fmedia&parent=7"}],"curies":[{"name":"wp","href":"https:\/\/api.w.org\/{rel}","templated":true}]}}