{"id":52,"date":"2014-01-12T07:42:15","date_gmt":"2014-01-12T07:42:15","guid":{"rendered":"http:\/\/pa-design.pt\/?page_id=52"},"modified":"2021-02-25T13:01:08","modified_gmt":"2021-02-25T13:01:08","slug":"inicio","status":"publish","type":"page","link":"https:\/\/pa-design.pt\/","title":{"rendered":"Apresenta\u00e7\u00e3o"},"content":{"rendered":"\n\n<p>\u00a0<\/p>\n<p><img loading=\"lazy\" class=\"alignleft wp-image-1310\" src=\"http:\/\/pa-design.pt\/wp-content\/uploads\/2016\/06\/Foto-14a-150x150.jpg\" alt=\"Foto 14a\" width=\"163\" height=\"163\" srcset=\"https:\/\/pa-design.pt\/wp-content\/uploads\/2016\/06\/Foto-14a-150x150.jpg 150w, https:\/\/pa-design.pt\/wp-content\/uploads\/2016\/06\/Foto-14a.jpg 284w\" sizes=\"(max-width: 163px) 100vw, 163px\" \/>A nossa actividade profissional desenvolve-se no \u00e2mbito do design de comunica\u00e7\u00e3o.<\/p>\n<p>Desenvolvemos um processo criativo que responde \u00e0 necessidade das empresas apresentarem uma imagem institucional forte e coerente\u00a0com o seu posicionamento estrat\u00e9gico, e promovemos as caracter\u00edsticas\u00a0dos seus produtos e servi\u00e7os junto de potenciais consumidores.<\/p>\n<p>Saber como, quando e onde, comunicar o qu\u00ea a quem, \u00e9 uma necessidade vital\u00a0ao bom desempenho e efic\u00e1cia das empresas na concretiza\u00e7\u00e3o dos seus objectivos comerciais.<\/p>\n<p>\u00a0<\/p>\n\n","protected":false},"excerpt":{"rendered":"<p>\u00a0 A nossa actividade profissional desenvolve-se no \u00e2mbito do design de comunica\u00e7\u00e3o. Desenvolvemos um processo criativo que responde \u00e0 necessidade das empresas apresentarem uma imagem institucional forte e coerente\u00a0com o seu posicionamento estrat\u00e9gico, e promovemos as caracter\u00edsticas\u00a0dos seus produtos e servi\u00e7os junto de potenciais consumidores. Saber como, quando e onde, comunicar o qu\u00ea a quem, &#8230; <a title=\"Apresenta\u00e7\u00e3o\" class=\"read-more\" href=\"https:\/\/pa-design.pt\/\" aria-label=\"Mais sobre Apresenta\u00e7\u00e3o\">Ler mais<\/a><\/p>\n","protected":false},"author":1,"featured_media":0,"parent":0,"menu_order":1,"comment_status":"closed","ping_status":"closed","template":"","meta":{"generate_page_header":""},"_links":{"self":[{"href":"https:\/\/pa-design.pt\/index.php?rest_route=\/wp\/v2\/pages\/52"}],"collection":[{"href":"https:\/\/pa-design.pt\/index.php?rest_route=\/wp\/v2\/pages"}],"about":[{"href":"https:\/\/pa-design.pt\/index.php?rest_route=\/wp\/v2\/types\/page"}],"author":[{"embeddable":true,"href":"https:\/\/pa-design.pt\/index.php?rest_route=\/wp\/v2\/users\/1"}],"replies":[{"embeddable":true,"href":"https:\/\/pa-design.pt\/index.php?rest_route=%2Fwp%2Fv2%2Fcomments&post=52"}],"version-history":[{"count":108,"href":"https:\/\/pa-design.pt\/index.php?rest_route=\/wp\/v2\/pages\/52\/revisions"}],"predecessor-version":[{"id":2095,"href":"https:\/\/pa-design.pt\/index.php?rest_route=\/wp\/v2\/pages\/52\/revisions\/2095"}],"wp:attachment":[{"href":"https:\/\/pa-design.pt\/index.php?rest_route=%2Fwp%2Fv2%2Fmedia&parent=52"}],"curies":[{"name":"wp","href":"https:\/\/api.w.org\/{rel}","templated":true}]}}